
{"id":90,"date":"2018-10-12T12:17:54","date_gmt":"2018-10-12T10:17:54","guid":{"rendered":"https:\/\/przedszkole123.edu.wroclaw.pl\/?page_id=90"},"modified":"2025-02-28T14:32:45","modified_gmt":"2025-02-28T13:32:45","slug":"procedury-wewnetrzne-2","status":"publish","type":"page","link":"https:\/\/przedszkole123.edu.wroclaw.pl\/index.php\/dokumenty\/procedury-wewnetrzne-2\/","title":{"rendered":"Adaptacja w przedszkolu"},"content":{"rendered":"<div class=\"wpb-content-wrapper\"><p>[vc_row][vc_column][\/vc_column][\/vc_row][vc_row][vc_column][vc_text_separator title=&#8221;WYPRAWKA DLA DZIECKA&#8221; color=&#8221;juicy_pink&#8221; border_width=&#8221;4&#8243;][vc_column_text css=&#8221;&#8221;]<\/p>\n<p class=\"western\" align=\"left\"><span style=\"font-family: trebuchet ms, geneva;font-size: 20px\"><span style=\"color: #000000\">\u2022 <\/span><span style=\"color: #000000\"><b>Kapcie <\/b><\/span><span style=\"color: #000000\">(\u0142atwe w obs\u0142udze dla dziecka) &#8211; PODPISANE<\/span><\/span><\/p>\n<p class=\"western\" align=\"left\"><span style=\"font-family: trebuchet ms, geneva;font-size: 20px\"><span style=\"color: #000000\">\u2022 <\/span><span style=\"color: #000000\"><b>Zapasowe ubranka<\/b><\/span><span style=\"color: #000000\"> (w tym bielizna, skarpetki) &#8211; PODPISANE<\/span><\/span><\/p>\n<p class=\"western\" align=\"left\"><span style=\"font-family: trebuchet ms, geneva;font-size: 20px\"><span style=\"color: #000000\">\u2022 <\/span><span style=\"color: #000000\"><b>Str\u00f3j gimnastyczny<\/b><\/span><span style=\"color: #000000\"> (koszulka, spodenki) w materia\u0142owym worku &#8211; PODPISANE<\/span><\/span><\/p>\n<p class=\"western\" align=\"left\"><span style=\"font-family: trebuchet ms, geneva;font-size: 20px\"><span style=\"color: #000000\">\u2022 <\/span><span style=\"color: #000000\"><b>Pi\u017cama <\/b><\/span><span style=\"color: #000000\">(oddawana rodzicom do prania w pi\u0105tek) &#8211; PODPISANA<\/span><\/span><\/p>\n<p class=\"western\" align=\"left\"><span style=\"font-family: trebuchet ms, geneva;font-size: 20px\"><span style=\"color: #000000\">\u2022 <\/span><span style=\"color: #000000\"><b>Opakowanie chusteczek suchych i nawil\u017conych<\/b><\/span><\/span><\/p>\n<p>[\/vc_column_text][vc_text_separator title=&#8221;CO SPRZYJA ADAPTACJI?&#8221; color=&#8221;juicy_pink&#8221; border_width=&#8221;4&#8243;][vc_column_text css=&#8221;&#8221;]<\/p>\n<p data-start=\"80\" data-end=\"382\"><span style=\"font-family: trebuchet ms, geneva;font-size: 20px\">Rozpocz\u0119cie edukacji przedszkolnej to dla dziecka wielkie wydarzenie. Dla rodzic\u00f3w tak\u017ce mo\u017ce by\u0107 to czas pe\u0142en emocji i nowych wyzwa\u0144. Aby proces adaptacji przebiega\u0142 jak naj\u0142agodniej, warto odpowiednio przygotowa\u0107 zar\u00f3wno malucha, jak i siebie. Oto kilka wskaz\u00f3wek, kt\u00f3re pomog\u0105 w tym wa\u017cnym okresie:<\/span><\/p>\n<h3 data-start=\"384\" data-end=\"416\"><span style=\"font-family: trebuchet ms, geneva;font-size: 20px\">1. <strong data-start=\"391\" data-end=\"416\">Rozmowy o przedszkolu<\/strong><\/span><\/h3>\n<p data-start=\"417\" data-end=\"733\"><span style=\"font-family: trebuchet ms, geneva;font-size: 20px\">Przed rozpocz\u0119ciem ucz\u0119szczania do przedszkola warto rozmawia\u0107 z dzieckiem o tym, co je czeka. Opowiadajcie o codziennych zaj\u0119ciach, o kolegach i kole\u017cankach, o wsp\u00f3lnych zabawach i o tym, jak mi\u0142o sp\u0119dza si\u0119 czas w przedszkolu. Pami\u0119taj, aby u\u017cywa\u0107 pozytywnych s\u0142\u00f3w i entuzjastycznie m\u00f3wi\u0107 o tym nowym etapie \u017cycia.<\/span><\/p>\n<h3 data-start=\"735\" data-end=\"780\"><span style=\"font-family: trebuchet ms, geneva;font-size: 20px\">2. <strong data-start=\"742\" data-end=\"780\">Przyzwyczajenie do nowych rytua\u0142\u00f3w<\/strong><\/span><\/h3>\n<p data-start=\"781\" data-end=\"1047\"><span style=\"font-family: trebuchet ms, geneva;font-size: 20px\">Pom\u00f3\u017c dziecku oswoi\u0107 si\u0119 z nowymi rutynami, kt\u00f3re b\u0119dzie mia\u0142o w przedszkolu. Warto przed rozpocz\u0119ciem zaj\u0119\u0107 przedszkolnych dostosowa\u0107 godzin\u0119 snu i wstawania do przedszkolnego harmonogramu, aby dziecko nie mia\u0142o trudno\u015bci z przystosowaniem si\u0119 do nowego trybu dnia.<\/span><\/p>\n<h3 data-start=\"1049\" data-end=\"1096\"><span style=\"font-family: trebuchet ms, geneva;font-size: 20px\">3. <strong data-start=\"1056\" data-end=\"1096\">Stopniowe oswajanie z nowym miejscem<\/strong><\/span><\/h3>\n<p data-start=\"1097\" data-end=\"1376\"><span style=\"font-family: trebuchet ms, geneva;font-size: 20px\">Je\u015bli to mo\u017cliwe, postaraj si\u0119 zabra\u0107 dziecko do przedszkola przed jego rozpocz\u0119ciem, aby mia\u0142o okazj\u0119 zobaczy\u0107 sal\u0119, pozna\u0107 nauczycieli i inne dzieci. Wiele przedszkoli organizuje tzw. dni adaptacyjne, kt\u00f3re pomagaj\u0105 dziecku w stopniowym przyzwyczajeniu si\u0119 do nowego otoczenia.<\/span><\/p>\n<h3 data-start=\"1378\" data-end=\"1426\"><span style=\"font-family: trebuchet ms, geneva;font-size: 20px\">4. <strong data-start=\"1385\" data-end=\"1426\">Podkre\u015bl pozytywne strony przedszkola<\/strong><\/span><\/h3>\n<p data-start=\"1427\" data-end=\"1681\"><span style=\"font-family: trebuchet ms, geneva;font-size: 20px\">Opowiadaj dziecku o przyjemnych aspektach przedszkola \u2013 o zabawach, o nowych kolegach, o ciekawych zaj\u0119ciach, o piosenkach i zabawach na \u015bwie\u017cym powietrzu. Zwi\u0119kszy to zainteresowanie dziecka przedszkolem i pomo\u017ce poczu\u0107 si\u0119 bezpieczniej w nowym miejscu.<\/span><\/p>\n<h3 data-start=\"1683\" data-end=\"1719\"><span style=\"font-family: trebuchet ms, geneva;font-size: 20px\">5. <strong data-start=\"1690\" data-end=\"1719\">Stabilno\u015b\u0107 i konsekwencja<\/strong><\/span><\/h3>\n<p data-start=\"1720\" data-end=\"2038\"><span style=\"font-family: trebuchet ms, geneva;font-size: 20px\">Dzieci uwielbiaj\u0105 stabilno\u015b\u0107 i konsekwencj\u0119 w codziennym rytmie. W miar\u0119 mo\u017cliwo\u015bci staraj si\u0119 utrzymywa\u0107 sta\u0142y porz\u0105dek dnia, co pozwoli maluchowi lepiej przystosowa\u0107 si\u0119 do przedszkola. Zadbaj o to, aby codzienne czynno\u015bci by\u0142y przewidywalne i spokojne, np. przygotowanie ubrania na dzie\u0144 nast\u0119pny, zdrowe \u015bniadanie.<\/span><\/p>\n<h3 data-start=\"2040\" data-end=\"2067\"><span style=\"font-family: trebuchet ms, geneva;font-size: 20px\">6. <strong data-start=\"2047\" data-end=\"2067\">Odpowiedni str\u00f3j<\/strong><\/span><\/h3>\n<p data-start=\"2068\" data-end=\"2398\"><span style=\"font-family: trebuchet ms, geneva;font-size: 20px\">Zadbaj, aby dziecko mia\u0142o wygodny i odpowiedni str\u00f3j do zabaw, kt\u00f3ry nie b\u0119dzie go kr\u0119powa\u0107 w codziennych aktywno\u015bciach. Zadbaj r\u00f3wnie\u017c o to, aby maluch m\u00f3g\u0142 samodzielnie zdj\u0105\u0107 i za\u0142o\u017cy\u0107 odzie\u017c, zw\u0142aszcza buty. Warto r\u00f3wnie\u017c, aby dziecko mia\u0142o podpisane swoje rzeczy (np. ubrania, kapcie), co u\u0142atwi im odnalezienie swoich rzeczy.<\/span><\/p>\n<h3 data-start=\"2400\" data-end=\"2439\"><span style=\"font-family: trebuchet ms, geneva;font-size: 20px\">7. <strong data-start=\"2407\" data-end=\"2439\">B\u0105d\u017a cierpliwy i wspieraj\u0105cy<\/strong><\/span><\/h3>\n<p data-start=\"2440\" data-end=\"2779\"><span style=\"font-family: trebuchet ms, geneva;font-size: 20px\">Adaptacja do przedszkola to proces, kt\u00f3ry wymaga czasu. Nie wszystkie dzieci od razu czuj\u0105 si\u0119 komfortowo w nowym miejscu. B\u0105d\u017a cierpliwy i zapewniaj malucha, \u017ce jeste\u015b blisko, wspieraj go w tym wa\u017cnym etapie, ale nie r\u00f3b zbyt du\u017cego zamieszania wok\u00f3\u0142 rozstania. Dzieci cz\u0119sto odczuwaj\u0105 emocje rodzic\u00f3w, dlatego staraj si\u0119 zachowa\u0107 spok\u00f3j.<\/span><\/p>\n<h3 data-start=\"2781\" data-end=\"2816\"><span style=\"font-family: trebuchet ms, geneva;font-size: 20px\">8. <strong data-start=\"2788\" data-end=\"2816\">Po\u017cegnanie bez po\u015bpiechu<\/strong><\/span><\/h3>\n<p data-start=\"2817\" data-end=\"3102\"><span style=\"font-family: trebuchet ms, geneva;font-size: 20px\">Po\u017cegnanie z dzieckiem na pocz\u0105tku dnia powinno by\u0107 szybkie i spokojne. Nie przed\u0142u\u017caj rozstania \u2013 niech dziecko wie, \u017ce zaraz po przedszkolu przyjdziesz po nie. Zbyt d\u0142ugie po\u017cegnanie mo\u017ce zwi\u0119kszy\u0107 l\u0119k u malucha. Kr\u00f3tkie, ale serdeczne po\u017cegnanie pomo\u017ce maluchowi poczu\u0107 si\u0119 pewniej.<\/span><\/p>\n<h3 data-start=\"3104\" data-end=\"3148\"><span style=\"font-family: trebuchet ms, geneva;font-size: 20px\">9. <strong data-start=\"3111\" data-end=\"3148\">Budowanie poczucia bezpiecze\u0144stwa<\/strong><\/span><\/h3>\n<p data-start=\"3149\" data-end=\"3394\"><span style=\"font-family: trebuchet ms, geneva;font-size: 20px\">Dzieci w nowym \u015brodowisku potrzebuj\u0105 poczucia bezpiecze\u0144stwa. Postaraj si\u0119 o codzienne rozmowy o tym, co wydarzy\u0142o si\u0119 w przedszkolu, co by\u0142o ciekawego, z kim si\u0119 bawi\u0142o. Zainteresowanie ze strony rodzica wzmocni poczucie bezpiecze\u0144stwa dziecka.<\/span><\/p>\n<h3 data-start=\"3396\" data-end=\"3440\"><span style=\"font-family: trebuchet ms, geneva;font-size: 20px\">10. <strong data-start=\"3404\" data-end=\"3440\">B\u0105d\u017a w kontakcie z nauczycielami<\/strong><\/span><\/h3>\n<p data-start=\"3441\" data-end=\"3689\"><span style=\"font-family: trebuchet ms, geneva;font-size: 20px\">Regularna komunikacja z nauczycielami pomo\u017ce Ci \u015bledzi\u0107 post\u0119py dziecka i zrozumie\u0107, jak przebiega jego adaptacja. Nauczyciele to osoby, kt\u00f3re \u015bwietnie rozumiej\u0105, jak wspiera\u0107 dziecko w tym etapie, wi\u0119c warto dzieli\u0107 si\u0119 swoimi obawami i pytaniami.<\/span><\/p>\n<p>[\/vc_column_text][vc_separator][vc_column_text]<\/p>\n<p style=\"text-align: center\"><span style=\"font-size: 28px;font-family: 'trebuchet ms', geneva\">JAK POM\u00d3C DZIECKU I <\/span><span style=\"font-size: 28px;font-family: 'trebuchet ms', geneva\">SOBIE PRZY PO\u017bEGNANIU?<\/span><\/p>\n<p><img loading=\"lazy\" decoding=\"async\" class=\"size-full wp-image-4270 aligncenter\" src=\"https:\/\/przedszkole123.edu.wroclaw.pl\/wp-content\/uploads\/sites\/37\/2023\/08\/Screenshot_2.png\" alt=\"tabela: jak pom\u00f3c sobie i dziecku w po\u017cegnaniu\" width=\"401\" height=\"749\" srcset=\"https:\/\/przedszkole123.edu.wroclaw.pl\/wp-content\/uploads\/sites\/37\/2023\/08\/Screenshot_2.png 401w, https:\/\/przedszkole123.edu.wroclaw.pl\/wp-content\/uploads\/sites\/37\/2023\/08\/Screenshot_2-161x300.png 161w\" sizes=\"auto, (max-width: 401px) 100vw, 401px\" \/>[\/vc_column_text][vc_text_separator title=&#8221;DODATKOWE INFORMACJE&#8221; color=&#8221;juicy_pink&#8221; border_width=&#8221;4&#8243;][vc_column_text css=&#8221;&#8221;]<\/p>\n<p class=\"western\" align=\"center\"><span style=\"font-family: trebuchet ms, geneva;font-size: 20px\"><span style=\"color: #000000\">\u2740 <\/span><span style=\"color: #000000\">Rodzic zobowi\u0105zany jest do punktualnego przyprowadzania dziecka do przedszkola w godzinach ustalonych, nie p\u00f3\u017aniej ni\u017c do godz. 8:15. W przypadku kiedy dziecko mo\u017ce si\u0119 sp\u00f3\u017ani\u0107 trzeba niezw\u0142ocznie poinformowa\u0107 plac\u00f3wk\u0119.<\/span><\/span><\/p>\n<p class=\"western\" align=\"center\"><span style=\"font-family: trebuchet ms, geneva;font-size: 20px\"><span style=\"color: #000000\">\u2740<\/span><span style=\"color: #000000\"> Dziecko mo\u017ce by\u0107 odebrane przez rodzic\u00f3w oraz pisemnie upowa\u017cnione przez nich osoby. W przypadku odbierania dziecka z ogrodu przedszkolnego osoby odbieraj\u0105ce dziecko s\u0105 zobowi\u0105zane do osobistego poinformowania nauczycielki o zamiarze odebrania dziecka<\/span><\/span><\/p>\n<p class=\"western\" align=\"center\"><span style=\"font-family: trebuchet ms, geneva;font-size: 20px\"><span style=\"color: #000000\">\u2740<\/span><span style=\"color: #000000\"> Dziecko\u00a0 mo\u017ce przynie\u015b\u0107 do przedszkola w\u0142asn\u0105 przytulank\u0119 (np. misia). W szafkach dzieci nie przechowujemy produkt\u00f3w spo\u017cywczych, napoi w butelkach ani drobnych przedmiot\u00f3w typu monety, koraliki, itp., kt\u00f3re mog\u0105 zosta\u0107 po\u0142kni\u0119te przez dzieci<\/span><\/span><\/p>\n<p class=\"western\" align=\"center\"><span style=\"font-family: trebuchet ms, geneva;font-size: 20px\"><span style=\"color: #000000\">\u2740 <\/span><span style=\"color: #000000\">Do przedszkola mo\u017ce ucz\u0119szcza\u0107 wy\u0142\u0105cznie dziecko zdrowe, bez objaw\u00f3w chorobowych.<\/span><\/span><\/p>\n<p>[\/vc_column_text][\/vc_column][\/vc_row]<\/p>\n<\/div>","protected":false},"excerpt":{"rendered":"<p>[vc_row][vc_column][\/vc_column][\/vc_row][vc_row][vc_column][vc_text_separator title=&#8221;WYPRAWKA DLA DZIECKA&#8221; color=&#8221;juicy_pink&#8221; border_width=&#8221;4&#8243;][vc_column_text css=&#8221;&#8221;] \u2022 Kapcie (\u0142atwe w obs\u0142udze dla dziecka) &#8211; PODPISANE \u2022 Zapasowe ubranka (w tym bielizna, skarpetki) &#8211; PODPISANE \u2022 Str\u00f3j gimnastyczny (koszulka, spodenki) [&hellip;]<\/p>\n","protected":false},"author":72,"featured_media":0,"parent":81,"menu_order":0,"comment_status":"closed","ping_status":"closed","template":"","meta":{"ngg_post_thumbnail":0,"footnotes":""},"class_list":["post-90","page","type-page","status-publish","hentry","clearfix"],"_links":{"self":[{"href":"https:\/\/przedszkole123.edu.wroclaw.pl\/index.php\/wp-json\/wp\/v2\/pages\/90","targetHints":{"allow":["GET"]}}],"collection":[{"href":"https:\/\/przedszkole123.edu.wroclaw.pl\/index.php\/wp-json\/wp\/v2\/pages"}],"about":[{"href":"https:\/\/przedszkole123.edu.wroclaw.pl\/index.php\/wp-json\/wp\/v2\/types\/page"}],"author":[{"embeddable":true,"href":"https:\/\/przedszkole123.edu.wroclaw.pl\/index.php\/wp-json\/wp\/v2\/users\/72"}],"replies":[{"embeddable":true,"href":"https:\/\/przedszkole123.edu.wroclaw.pl\/index.php\/wp-json\/wp\/v2\/comments?post=90"}],"version-history":[{"count":22,"href":"https:\/\/przedszkole123.edu.wroclaw.pl\/index.php\/wp-json\/wp\/v2\/pages\/90\/revisions"}],"predecessor-version":[{"id":7842,"href":"https:\/\/przedszkole123.edu.wroclaw.pl\/index.php\/wp-json\/wp\/v2\/pages\/90\/revisions\/7842"}],"up":[{"embeddable":true,"href":"https:\/\/przedszkole123.edu.wroclaw.pl\/index.php\/wp-json\/wp\/v2\/pages\/81"}],"wp:attachment":[{"href":"https:\/\/przedszkole123.edu.wroclaw.pl\/index.php\/wp-json\/wp\/v2\/media?parent=90"}],"curies":[{"name":"wp","href":"https:\/\/api.w.org\/{rel}","templated":true}]}}