
{"id":85,"date":"2018-10-12T12:16:46","date_gmt":"2018-10-12T10:16:46","guid":{"rendered":"https:\/\/przedszkole123.edu.wroclaw.pl\/?page_id=85"},"modified":"2025-02-28T14:21:26","modified_gmt":"2025-02-28T13:21:26","slug":"koncepcja-pracy-przedszkola","status":"publish","type":"page","link":"https:\/\/przedszkole123.edu.wroclaw.pl\/index.php\/dokumenty\/koncepcja-pracy-przedszkola\/","title":{"rendered":"Op\u0142aty"},"content":{"rendered":"<div class=\"wpb-content-wrapper\"><p>[vc_row][vc_column][vc_column_text css=&#8221;&#8221;]<\/p>\r\n<p style=\"text-align: center\"><span style=\"font-family: 'trebuchet ms', geneva\"><strong>UPRZEJMIE PROSIMY RODZIC\u00d3W O WP\u0141ACANIE NALE\u017bNYCH KWOT<br \/>NA KONTO PLAC\u00d3WKI DO 15 DNIA KA\u017bDEGO MIESI\u0104CA<\/strong><\/span><\/p>\r\n<p><span style=\"font-family: 'trebuchet ms', geneva\"><\/span><\/p>\r\n<p><span style=\"font-family: 'trebuchet ms', geneva\"><strong>Op\u0142aty za przedszkole od 01 wrze\u015bnia\u00a0 2024 r.: <\/strong><\/span><\/p>\r\n<p><span style=\"font-family: 'trebuchet ms', geneva\"><\/span><\/p>\r\n<p><span style=\"font-family: 'trebuchet ms', geneva\">\u2026 reguluje <strong>Uchwa\u0142a NR III\/18\/24 RADY MIEJSKIEJ WROC\u0141AWIA z dnia 6 czerwca 2024 r.<\/strong> (zmieniaj\u0105c\u0105 uchwa\u0142\u0119 nr LVII\/1513\/22 Rady Miejskiej Wroc\u0142awia) w sprawie ustalenia czasu bezp\u0142atnego nauczania, wychowania i opieki oraz wysoko\u015bci op\u0142aty za korzystanie z wychowania przedszkolnego w przedszkolach publicznych prowadzonych przez gmin\u0119 oraz \u00a0<strong>Ustawa\u00a0 z dnia 27 pa\u017adziernika 2017 r. o finansowaniu zada\u0144 o\u015bwiatowych<\/strong> \u00a0(Dz. U. z 2017 poz.2203, art. 52 ust. 15),<\/span><\/p>\r\n<p><span style=\"font-family: 'trebuchet ms', geneva\"><\/span><\/p>\r\n<p><span style=\"font-family: 'trebuchet ms', geneva\"><strong>Op\u0142ata za dany miesi\u0105c powinna by\u0107 dokonana do 15 dnia nast\u0119pnego miesi\u0105ca Op\u0142ata za dany miesi\u0105c powinna by\u0107 dokonana do 15 dnia nast\u0119pnego miesi\u0105ca (np. za miesi\u0105c wrzesie\u0144 2023 r.)<\/strong><\/span><\/p>\r\n<p><span style=\"font-family: 'trebuchet ms', geneva\"><\/span><\/p>\r\n<p><span style=\"font-family: 'trebuchet ms', geneva\">1) op\u0142ata sta\u0142a za miejsce:<\/span><\/p>\r\n<p><span style=\"font-family: 'trebuchet ms', geneva\"><\/span><\/p>\r\n<p><span style=\"font-family: 'trebuchet ms', geneva\">ustala si\u0119 op\u0142at\u0119 w wysoko\u015bci 1,44 z\u0142. za ka\u017cd\u0105 rozpocz\u0119t\u0105 godzin\u0119 faktycznego pobytu dziecka w przedszkolu, powy\u017cej 5 godzin bezp\u0142atnych, za ka\u017cdy dzie\u0144 obecno\u015bci dziecka. W celu okre\u015blenia czasu pobytu dziecka wykorzystuje si\u0119 odczyt z zainstalowanych czytnik\u00f3w. W przedszkolu prowadzi si\u0119 zapisy godziny przyprowadzania i odbioru dziecka .<\/span><\/p>\r\n<p><span style=\"font-family: 'trebuchet ms', geneva\"><\/span><\/p>\r\n<p><span style=\"font-family: 'trebuchet ms', geneva\">2) op\u0142ata za wy\u017cywienie: 13 z\u0142\/dzie\u0144\/ 3 posi\u0142ki .<\/span><\/p>\r\n<p><span style=\"font-family: 'trebuchet ms', geneva\"><\/span><\/p>\r\n<p><span style=\"font-family: 'trebuchet ms', geneva\">Odp\u0142atno\u015b\u0107 za pobyt i wy\u017cywienie nale\u017cy uiszcza\u0107 na konto o numerze:<\/span><br \/><span style=\"font-family: 'trebuchet ms', geneva\"><strong>93 1020 5226 0000 6502 0417 6434<\/strong>.<\/span><\/p>\r\n<p><span style=\"font-family: 'trebuchet ms', geneva\"><\/span><\/p>\r\n<p><span style=\"font-family: 'trebuchet ms', geneva\">Op\u0142aty za pobyt i wy\u017cywienie dziecka dokonam do 15-go dnia nast\u0119pnego miesi\u0105ca przelewem na rachunek\u00a0 bankowy <strong>93 1020 5226 0000 6502 0417 6434<\/strong>.<\/span><\/p>\r\n<p><span style=\"font-family: 'trebuchet ms', geneva\"><\/span><\/p>\r\n<p><span style=\"font-family: 'trebuchet ms', geneva\">W tre\u015bci przelewu nale\u017cy wpisa\u0107: <strong>op\u0142ata za Przedszkole nr 123 \/grupa\/imi\u0119 i nazwisko dziecka\/za miesi\u0105c\u2026\u2026.<\/strong><\/span><\/p>\r\n<p><span style=\"font-family: 'trebuchet ms', geneva\"><\/span><\/p>\r\n<p><span style=\"font-family: 'trebuchet ms', geneva\">Adres plac\u00f3wki: Przedszkole nr 123, 54-434 Wroc\u0142aw, ul. Wojrowicka 3.<\/span><\/p>\r\n<p><span style=\"font-family: 'trebuchet ms', geneva\"><\/span><\/p>\r\n<p><span style=\"font-family: 'trebuchet ms', geneva\">O wysoko\u015bci op\u0142at za miniony miesi\u0105c b\u0119d\u0105 Pa\u0144stw informowani drog\u0105 mailow\u0105.<\/span><\/p>\r\n<p><span style=\"font-family: 'trebuchet ms', geneva\"><\/span><\/p>\r\n<p><span style=\"font-family: 'trebuchet ms', geneva\"><strong>Zwolnienia z op\u0142aty sta\u0142ej:<\/strong><\/span><br \/><span style=\"font-family: 'trebuchet ms', geneva\">Zwolnienia z op\u0142aty sta\u0142ej przys\u0142uguje rodzicom na ich wniosek posiadaj\u0105cym na utrzymaniu co najmniej 3 dzieci. W przypadku dzieci pe\u0142noletnich uwzgl\u0119dnia si\u0119 tylko dzieci pobieraj\u0105ce nauk\u0119, jednak nie d\u0142u\u017cej ni\u017c do uko\u0144czenia 24 roku \u017cycia.<\/span><\/p>\r\n<p><span style=\"font-family: 'trebuchet ms', geneva\"><\/span><\/p>\r\n<p><span style=\"font-family: 'trebuchet ms', geneva\"><strong>Niezb\u0119dne dokumenty:<\/strong><\/span><br \/><span style=\"font-family: 'trebuchet ms', geneva\">O\u015bwiadczenie o wielodzietnej rodzinie pobrane z zak\u0142adki Dokumenty nale\u017cy sk\u0142ada\u0107 w kancelarii przedszkola.<\/span><\/p>\r\n<p><span style=\"font-family: 'trebuchet ms', geneva\"><\/span><\/p>\r\n<p><span style=\"font-family: 'trebuchet ms', geneva\"><strong>Termin sk\u0142adania o\u015bwiadcze\u0144:<\/strong><\/span><br \/><span style=\"font-family: 'trebuchet ms', geneva\">1. 1-go wrze\u015bnia \u2013 wraz z innymi dokumentami<\/span><br \/><span style=\"font-family: 'trebuchet ms', geneva\">2. W trakcie roku szkolnego -do ko\u0144ca miesi\u0105ca poprzedzaj\u0105cego miesi\u0105c, od kt\u00f3rego rodzic stara si\u0119 o zwolnienie.<\/span><\/p>\r\n<p><span style=\"font-family: 'trebuchet ms', geneva\"><\/span><\/p>\r\n<p><span style=\"font-family: 'trebuchet ms', geneva\">\u00a0<\/span><\/p>\r\n<p>[\/vc_column_text][\/vc_column][\/vc_row]<\/p><\/div>","protected":false},"excerpt":{"rendered":"<p>[vc_row][vc_column][vc_column_text css=&#8221;&#8221;] UPRZEJMIE PROSIMY RODZIC\u00d3W O WP\u0141ACANIE NALE\u017bNYCH KWOTNA KONTO PLAC\u00d3WKI DO 15 DNIA KA\u017bDEGO MIESI\u0104CA Op\u0142aty za przedszkole od 01 wrze\u015bnia\u00a0 2024 r.: \u2026 reguluje Uchwa\u0142a NR III\/18\/24 RADY [&hellip;]<\/p>\n","protected":false},"author":94,"featured_media":0,"parent":81,"menu_order":0,"comment_status":"closed","ping_status":"closed","template":"","meta":{"ngg_post_thumbnail":0,"footnotes":""},"class_list":["post-85","page","type-page","status-publish","hentry","clearfix"],"_links":{"self":[{"href":"https:\/\/przedszkole123.edu.wroclaw.pl\/index.php\/wp-json\/wp\/v2\/pages\/85","targetHints":{"allow":["GET"]}}],"collection":[{"href":"https:\/\/przedszkole123.edu.wroclaw.pl\/index.php\/wp-json\/wp\/v2\/pages"}],"about":[{"href":"https:\/\/przedszkole123.edu.wroclaw.pl\/index.php\/wp-json\/wp\/v2\/types\/page"}],"author":[{"embeddable":true,"href":"https:\/\/przedszkole123.edu.wroclaw.pl\/index.php\/wp-json\/wp\/v2\/users\/94"}],"replies":[{"embeddable":true,"href":"https:\/\/przedszkole123.edu.wroclaw.pl\/index.php\/wp-json\/wp\/v2\/comments?post=85"}],"version-history":[{"count":18,"href":"https:\/\/przedszkole123.edu.wroclaw.pl\/index.php\/wp-json\/wp\/v2\/pages\/85\/revisions"}],"predecessor-version":[{"id":7840,"href":"https:\/\/przedszkole123.edu.wroclaw.pl\/index.php\/wp-json\/wp\/v2\/pages\/85\/revisions\/7840"}],"up":[{"embeddable":true,"href":"https:\/\/przedszkole123.edu.wroclaw.pl\/index.php\/wp-json\/wp\/v2\/pages\/81"}],"wp:attachment":[{"href":"https:\/\/przedszkole123.edu.wroclaw.pl\/index.php\/wp-json\/wp\/v2\/media?parent=85"}],"curies":[{"name":"wp","href":"https:\/\/api.w.org\/{rel}","templated":true}]}}