
{"id":37,"date":"2018-06-25T14:47:24","date_gmt":"2018-06-25T12:47:24","guid":{"rendered":"https:\/\/przedszkole123.edu.wroclaw.pl\/?page_id=37"},"modified":"2026-02-03T19:42:30","modified_gmt":"2026-02-03T18:42:30","slug":"glowna","status":"publish","type":"page","link":"https:\/\/przedszkole123.edu.wroclaw.pl\/","title":{"rendered":"G\u0142\u00f3wna"},"content":{"rendered":"<div class=\"wpb-content-wrapper\"><p>[vc_row][vc_column][vc_column_text]<\/p>\n<p>[\/vc_column_text][\/vc_column][vc_column][vc_column_text]<\/p>\n<p style=\"text-align: center\"><span style=\"font-family: 'trebuchet ms', geneva\"><strong><span style=\"font-size: 18pt;color: #800000\">DRODZY RODZICE<\/span><\/strong><\/span><\/p>\n<p style=\"text-align: center\"><span style=\"font-family: 'trebuchet ms', geneva\"><strong><span style=\"color: #333399;font-size: 18pt\">PROSIMY O ZAPOZNANIE SI\u0118 Z INFORMACJAMI\u00a0 I DOKUMENTAMI UMIESZCZONYMI W DZIA\u0141ACH: &#8222;STREFA RODZIC\u00d3W&#8221;<\/span><\/strong><\/span><\/p>\n<p>[\/vc_column_text][vc_column_text css=&#8221;&#8221;]<\/p>\n<p style=\"text-align: center\"><span style=\"font-family: 'trebuchet ms', geneva;font-size: 24px\">!!UWAGA!!<\/span><\/p>\n<p style=\"text-align: center\"><span style=\"font-family: 'trebuchet ms', geneva;font-size: 24px\">RODZICE NOWO PRZYJ\u0118TYCH DZIECI MO\u017bNA ZAPOZNA\u0106 SI\u0118 Z ZAK\u0141ADK\u0104 <\/span><\/p>\n<blockquote>\n<p style=\"text-align: center\"><span style=\"text-decoration: underline\"><span style=\"color: #ff0000\"><strong><span style=\"font-family: 'trebuchet ms', geneva;font-size: 24px\">STREFA RODZICA \u2192 ADAPTACJA W PRZEDSZKOLU<\/span><\/strong><\/span><\/span><\/p>\n<\/blockquote>\n<p>&nbsp;<\/p>\n<p style=\"text-align: center\"><span style=\"font-family: 'trebuchet ms', geneva;font-size: 60px\">DRODZY RODZICE<\/span><\/p>\n<p style=\"text-align: center\"><span style=\"font-family: 'trebuchet ms', geneva;font-size: 32px\">WKR\u00d3TCE ODB\u0118DZIE SI\u0118 REKRUTACJA DO PRZEDSZKOLI NA ROK SZKOLNY 2026\/2027<\/span><\/p>\n<p style=\"text-align: center\"><span style=\"font-family: 'trebuchet ms', geneva;font-size: 32px\">WSZYSTKIE WA\u017bNE INFORMACJE MO\u017bNA ZNALE\u0179\u0106 <em><strong>W ZAK\u0141ADCE STREFA RODZICA \u21d2 REKRURACJA 2026\/2027<\/strong><\/em><\/span><\/p>\n<p>&nbsp;<\/p>\n<blockquote>\n<hr \/>\n<\/blockquote>\n<p>[\/vc_column_text][vc_column_text]<\/p>\n<p style=\"text-align: left\"><span style=\"font-size: 24pt\">Aktualno\u015bci<\/span><\/p>\n<p>[\/vc_column_text][vc_separator align=&#8221;align_left&#8221; el_width=&#8221;40&#8243;][vc_masonry_grid post_type=&#8221;post&#8221; max_items=&#8221;8&#8243; element_width=&#8221;3&#8243; gap=&#8221;20&#8243; item=&#8221;basicGrid_SlideBottomWithIcon&#8221; grid_id=&#8221;vc_gid:1770144104272-7b704ab6-3039-2&#8243; taxonomies=&#8221;3&#8243;][\/vc_column][\/vc_row]<\/p>\n<\/div>","protected":false},"excerpt":{"rendered":"<p>[vc_row][vc_column][vc_column_text] [\/vc_column_text][\/vc_column][vc_column][vc_column_text] DRODZY RODZICE PROSIMY O ZAPOZNANIE SI\u0118 Z INFORMACJAMI\u00a0 I DOKUMENTAMI UMIESZCZONYMI W DZIA\u0141ACH: &#8222;STREFA RODZIC\u00d3W&#8221; [\/vc_column_text][vc_column_text css=&#8221;&#8221;] !!UWAGA!! RODZICE NOWO PRZYJ\u0118TYCH DZIECI MO\u017bNA ZAPOZNA\u0106 SI\u0118 Z ZAK\u0141ADK\u0104 STREFA [&hellip;]<\/p>\n","protected":false},"author":15,"featured_media":0,"parent":0,"menu_order":0,"comment_status":"closed","ping_status":"closed","template":"","meta":{"ngg_post_thumbnail":0,"footnotes":""},"class_list":["post-37","page","type-page","status-publish","hentry","clearfix"],"_links":{"self":[{"href":"https:\/\/przedszkole123.edu.wroclaw.pl\/index.php\/wp-json\/wp\/v2\/pages\/37","targetHints":{"allow":["GET"]}}],"collection":[{"href":"https:\/\/przedszkole123.edu.wroclaw.pl\/index.php\/wp-json\/wp\/v2\/pages"}],"about":[{"href":"https:\/\/przedszkole123.edu.wroclaw.pl\/index.php\/wp-json\/wp\/v2\/types\/page"}],"author":[{"embeddable":true,"href":"https:\/\/przedszkole123.edu.wroclaw.pl\/index.php\/wp-json\/wp\/v2\/users\/15"}],"replies":[{"embeddable":true,"href":"https:\/\/przedszkole123.edu.wroclaw.pl\/index.php\/wp-json\/wp\/v2\/comments?post=37"}],"version-history":[{"count":54,"href":"https:\/\/przedszkole123.edu.wroclaw.pl\/index.php\/wp-json\/wp\/v2\/pages\/37\/revisions"}],"predecessor-version":[{"id":9316,"href":"https:\/\/przedszkole123.edu.wroclaw.pl\/index.php\/wp-json\/wp\/v2\/pages\/37\/revisions\/9316"}],"wp:attachment":[{"href":"https:\/\/przedszkole123.edu.wroclaw.pl\/index.php\/wp-json\/wp\/v2\/media?parent=37"}],"curies":[{"name":"wp","href":"https:\/\/api.w.org\/{rel}","templated":true}]}}