
{"id":2541,"date":"2021-10-13T09:29:37","date_gmt":"2021-10-13T07:29:37","guid":{"rendered":"https:\/\/przedszkole123.edu.wroclaw.pl\/?page_id=2541"},"modified":"2026-03-31T21:44:24","modified_gmt":"2026-03-31T19:44:24","slug":"grupa-i-muchomorki","status":"publish","type":"page","link":"https:\/\/przedszkole123.edu.wroclaw.pl\/index.php\/grupy\/grupa-i-muchomorki\/","title":{"rendered":"Grupa I &#8222;Muchomorki&#8221;"},"content":{"rendered":"<div class=\"wpb-content-wrapper\"><p>[vc_row][vc_column][vc_column_text css=&#8221;&#8221;]<\/p>\n<table style=\"border-collapse: collapse;width: 100%\">\n<tbody>\n<tr>\n<td style=\"width: 50%\">\n<p data-start=\"155\" data-end=\"513\">Grupa \u201eMuchomork\u00f3w\u201d to najm\u0142odsze przedszkolaki w naszym przedszkolu \u2013 mamy po trzy latka i dopiero rozpoczynamy swoj\u0105 przygod\u0119 z przedszkolem. Wiele rzeczy robimy po raz pierwszy. Mo\u017ce nie wszystko jeszcze nam wychodzi, ale bardzo si\u0119 staramy i codziennie uczymy si\u0119 czego\u015b nowego. Najwa\u017cniejsze, \u017ceby ka\u017cdy dzie\u0144 by\u0142 pe\u0142en rado\u015bci, \u015bmiechu i dobrej zabawy!<\/p>\n<p data-start=\"515\" data-end=\"797\">Naszymi paniami nauczycielkami s\u0105<strong> Pani Beata i Pani Julia<\/strong>, kt\u00f3re ka\u017cdego dnia z u\u015bmiechem i cierpliwo\u015bci\u0105 wspieraj\u0105 nas w poznawaniu \u015bwiata. W naszej grupie pomagaj\u0105 tak\u017ce:<br data-start=\"687\" data-end=\"690\" \/>\u2013 <strong data-start=\"692\" data-end=\"707\">Pani Sylwia<\/strong> \u2013 pomoc nauczyciela,<br data-start=\"728\" data-end=\"731\" \/>\u2013 <strong data-start=\"733\" data-end=\"749\">Pani Marysia<\/strong> \u2013 kt\u00f3ra dba o nasze brzuszki i porz\u0105dek w sali.<\/p>\n<p data-start=\"799\" data-end=\"1166\">Muchomorki to dzieci ciekawe \u015bwiata \u2013 uwielbiamy s\u0142ucha\u0107 bajek, malowa\u0107 farbami, rysowa\u0107, lepi\u0107 z plasteliny, budowa\u0107 z klock\u00f3w, \u015bpiewa\u0107 piosenki i uczy\u0107 si\u0119 kr\u00f3tkich wierszyk\u00f3w. Kochamy zabawy \u2013 zar\u00f3wno te spokojne, jak i bardziej figlarne! Z ka\u017cdym dniem stajemy si\u0119 coraz bardziej samodzielni, uczymy si\u0119 wsp\u00f3\u0142pracy, pomagania sobie nawzajem i bycia cz\u0119\u015bci\u0105 grupy.<\/p>\n<p data-start=\"1168\" data-end=\"1369\">Szczeg\u00f3lnie lubimy sp\u0119dza\u0107 czas na \u015bwie\u017cym powietrzu, zw\u0142aszcza na przedszkolnym placu zabaw. Obserwujemy przyrod\u0119, poznajemy nasze najbli\u017csze otoczenie i z zachwytem odkrywamy \u015bwiat, kt\u00f3ry nas otacza.<\/p>\n<\/td>\n<td style=\"width: 50%\"><img loading=\"lazy\" decoding=\"async\" class=\"alignnone wp-image-8533 size-medium\" src=\"https:\/\/przedszkole123.edu.wroclaw.pl\/wp-content\/uploads\/sites\/37\/2025\/09\/Muchomorki-268x300.jpg\" alt=\"\" width=\"268\" height=\"300\" srcset=\"https:\/\/przedszkole123.edu.wroclaw.pl\/wp-content\/uploads\/sites\/37\/2025\/09\/Muchomorki-268x300.jpg 268w, https:\/\/przedszkole123.edu.wroclaw.pl\/wp-content\/uploads\/sites\/37\/2025\/09\/Muchomorki.jpg 450w\" sizes=\"auto, (max-width: 268px) 100vw, 268px\" \/><\/td>\n<\/tr>\n<\/tbody>\n<\/table>\n<p>[\/vc_column_text][\/vc_column][\/vc_row][vc_row][vc_column][vc_gallery type=&#8221;image_grid&#8221; images=&#8221;9514,9515,9516,9517,9518&#8243; css=&#8221;&#8221; title=&#8221;Ostatnio odby\u0142y si\u0119 warsztaty wielkanocne z udzia\u0142em dzieci z grup I i II oraz ich rodzic\u00f3w. Wsp\u00f3lnie wykonywano ozdoby \u015bwi\u0105teczne, rozwijaj\u0105c przy tym kreatywno\u015b\u0107 i zdolno\u015bci manualne. Spotkanie przebieg\u0142o w serdecznej i tw\u00f3rczej atmosferze, sprzyjaj\u0105cej budowaniu i wzmacnianiu relacji mi\u0119dzy dzie\u0107mi a rodzicami. \ud83c\udf3a&#8221;][vc_gallery type=&#8221;image_grid&#8221; images=&#8221;9457,9458,9459,9460,9461,9462,9463,9464&#8243; css=&#8221;&#8221; title=&#8221;Podczas zaj\u0119\u0107 pt. \u201eSubstancja nie z tej ziemi \u2013 idealna dla kwiat\u00f3w\u201d dzieci uczestniczy\u0142y w warsztatach o charakterze eksperymentalno-przyrodniczym. W ich trakcie z pozornie prostych sk\u0142adnik\u00f3w powsta\u0142y niezwyk\u0142e mieszaniny o interesuj\u0105cych w\u0142a\u015bciwo\u015bciach, stanowi\u0105ce wprowadzenie do \u015bwiata do\u015bwiadcze\u0144. Uczestnicy przygotowali barwne roztwory, do kt\u00f3rych nast\u0119pnie zosta\u0142a w\u0142o\u017cona gips\u00f3wka, obserwuj\u0105c proces zmiany jej koloru. Zaj\u0119cia \u0142\u0105czy\u0142y elementy eksperyment\u00f3w oraz edukacji przyrodniczej, rozwijaj\u0105c ciekawo\u015b\u0107 poznawcz\u0105 i zainteresowanie otaczaj\u0105cym \u015bwiatem. Zapraszamy do obejrzenia fotorelacji \ud83d\udcf8&#8221;][vc_gallery type=&#8221;image_grid&#8221; images=&#8221;9422,9423,9424,9425,9426,9427,9428&#8243; css=&#8221;&#8221; title=&#8221;17.03.Dzieci z grupy muchomorki uczestniczy\u0142y w ciekawych zaj\u0119ciach, podczas kt\u00f3rych obserwowa\u0142y eksperymenty zwi\u0105zane z jajkami. Nast\u0119pnie wzi\u0119\u0142y udzia\u0142 w cz\u0119\u015bci plastycznej \u2013 malowa\u0142y kurczaki specjalnym atramentem. Swoje prace mog\u0105 doko\u0144czy\u0107 w domu razem z rodzicami \u2013 po ogrzaniu ich \u017celazkiem przez pergamin uka\u017c\u0105 si\u0119 wyj\u0105tkowe wzory, kt\u00f3re wcze\u015bniej samodzielnie stworzy\u0142y. \ud83d\udc23\ud83d\udc25&#8221;][vc_gallery type=&#8221;image_grid&#8221; images=&#8221;9373,9374,9375,9376,9377,9378&#8243; css=&#8221;&#8221; title=&#8221;17 lutego dzieci z grupy Muchomork\u00f3w uczestniczy\u0142y w wyj\u0105tkowych eksperymentach, podczas kt\u00f3rych tworzy\u0142y kolorowy \u015bnieg. Przedszkolaki z ogromnym zaanga\u017cowaniem miesza\u0142y barwy i obserwowa\u0142y, jak bia\u0142y \u015bnieg zamienia si\u0119 w kolorowe kompozycje. \ud83c\udf44 \ud83e\udd70&#8221;][vc_gallery type=&#8221;image_grid&#8221; images=&#8221;9367,9368,9369,9370,9371,9372&#8243; css=&#8221;&#8221; title=&#8221;Dzieci z grupy Muchomorki wybra\u0142y si\u0119 na podw\u00f3rko, gdzie czeka\u0142o na nie prawdziwe zimowe szale\u0144stwo! \u2744\ufe0f Z rado\u015bci\u0105 biega\u0142y po \u015bniegu, rzuca\u0142y si\u0119 \u015bnie\u017ckami i tworzy\u0142y ma\u0142e, bia\u0142e arcydzie\u0142a. Na twarzach przedszkolak\u00f3w nie brakowa\u0142o u\u015bmiech\u00f3w, a zimowa aura dostarczy\u0142a im mn\u00f3stwo \u015bmiechu i pozytywnej energii. \u26c4\ufe0f \u2744\ufe0f&#8221;][vc_gallery type=&#8221;image_grid&#8221; images=&#8221;9266,9267,9268,9269,9270&#8243; css=&#8221;&#8221; title=&#8221;Za nami pi\u0119kny Dzie\u0144 Babci i Dziadka \u2013 pe\u0142en u\u015bmiech\u00f3w, wzrusze\u0144 i dzieci\u0119cej rado\u015bci. Dzi\u0119kujemy za wsp\u00f3lnie sp\u0119dzony czas&#8221;][vc_gallery type=&#8221;image_grid&#8221; images=&#8221;9174,9176,9175&#8243; css=&#8221;&#8221; title=&#8221;W grudniu dzieci z zaanga\u017cowaniem przygotowa\u0142y zaproszenia na przedstawienie dla babci i dziadka, kt\u00f3re odb\u0119dzie si\u0119 22 stycznia o godzinie 10.30. Serdecznie zapraszamy na nasze pierwsze spotkanie w Przedszkolu.&#8221;][vc_gallery type=&#8221;image_grid&#8221; images=&#8221;9168,9169,9171,9170,9172,9173,9177&#8243; css=&#8221;&#8221; title=&#8221;W grudniu wykonywali\u015bmy r\u00f3\u017cne ozdoby \u015bwi\u0105teczne, samodzielnie ubrali\u015bmy choink\u0119 i \u015bpiewali\u015bmy kol\u0119dy. Uczyli\u015bmy si\u0119 te\u017c s\u0142\u00f3w zwi\u0105zanych ze \u015bwi\u0119tami w j\u0119zyku angielskim i \u015bpiewali\u015bmy piosenki \u015bwi\u0105teczne w j\u0119zyku angielskim. W pi\u0105tek 19 grudnia ogl\u0105dn\u0119li\u015bmy pi\u0119kne jase\u0142ka w wykonaniu najstarszej grupy w przedszkolu i zjedli\u015bmy wsp\u00f3lnie \u015bwi\u0105teczny posi\u0142ek. \u017byczymy wszystkim Zdrowych i Weso\u0142ych \u015awi\u0105t Bo\u017cego Narodzenia i Szcze\u015bliwego Nowego Roku 2026!&#8221;][vc_gallery type=&#8221;image_grid&#8221; images=&#8221;9156,9157,9158,9159,9160&#8243; css=&#8221;&#8221; title=&#8221;18.12.2025 r. odby\u0142y si\u0119 zaj\u0119cia z Krokietem i Lam\u0105, zrealizowane wsp\u00f3lnie z grup\u0105 I i II. Zaj\u0119cia stanowi\u0142y po\u0142\u0105czenie edukacji, aktywno\u015bci ruchowej oraz zabawy. Ich celem by\u0142o stworzenie dzieciom okazji do codziennego ruchu, kt\u00f3ry sprzyja nauce, poprawia samopoczucie, pozwala roz\u0142adowa\u0107 nadmiar energii oraz wspiera integracj\u0119 grupy. Aktywno\u015b\u0107 fizyczna by\u0142a dla dzieci \u017ar\u00f3d\u0142em rado\u015bci i wa\u017cnym elementem nauki poprzez zabaw\u0119.&#8221;][vc_gallery type=&#8221;image_grid&#8221; images=&#8221;9095,9096,9097,9098,9084,9082,9081&#8243; css=&#8221;&#8221; title=&#8221;Wizyta \u015aW. MIKO\u0141AJA. Dzieci z niecierpliwo\u015bci\u0105 czeka\u0142y na wizyt\u0119 Miko\u0142aja. Nast\u0119pnie przysz\u0142a do naszej grupy pani Elf, z kt\u00f3r\u0105 weso\u0142o ta\u0144czyli\u015bmy i oczekiwali\u015bmy na przyj\u015bcie Miko\u0142aja. Na powitanie naszego d\u0142ugo oczekiwanego go\u015bcia za\u015bpiewali\u015bmy piosenki po polsku i angielsku. Miko\u0142aj by\u0142 pod wra\u017ceniem naszych wyst\u0119p\u00f3w. Rozda\u0142 ka\u017cdemu prezent i zrobili\u015bmy wsp\u00f3lne pami\u0105tkowe zdj\u0119cie.&#8221;][vc_gallery type=&#8221;image_grid&#8221; images=&#8221;9092,9093,9094&#8243; css=&#8221;&#8221; title=&#8221;Dzieci regularnie uczestnicz\u0105 w zaj\u0119ciach z gimnastyki wykonuj\u0105c r\u00f3\u017cnorodne \u0107wiczenia. Pokonuj\u0105 te\u017c tory przeszk\u00f3d i doskonal\u0105 r\u00f3wnowag\u0119, wytrzyma\u0142o\u015b\u0107 i poprawn\u0105 postaw\u0119 cia\u0142a.&#8221;][vc_gallery type=&#8221;image_grid&#8221; images=&#8221;9090,9091&#8243; css=&#8221;&#8221; title=&#8221;Regularnie obchodzimy urodziny dzieci. Wszystkie dzieci w naszej grupie maj\u0105 ju\u017c 3 latka. Czekamy na kolejne urodziny dzieci z naszej grupy w Nowym Roku 2026.&#8221;][vc_gallery type=&#8221;image_grid&#8221; images=&#8221;9086,9087,9088,9089&#8243; css=&#8221;&#8221; title=&#8221;Z okazji Dnia Pluszowego Misia wykonali\u015bmy prace plastyczne, a tak\u017ce weso\u0142o si\u0119 bawili\u015bmy i \u015bpiewalismy piosenki o misiach. Z okazji tego dnia w\u0142\u0105czyli\u015bmy si\u0119 w akcj\u0119 charytatywn\u0105 i zbierali\u015bmy maskotki, przybory szkolne i zabawki dla dzieci przebywaj\u0105cych w szpitalach. Dary przekazali\u015bmy fundacji Mam Marzenie. Bardzo dzi\u0119kujemy za zaanga\u017cowanie i ch\u0119\u0107 pomocy chorym dzieciom w szpitalach. Bardzo dzi\u0119kujemy.&#8221;][vc_gallery type=&#8221;image_grid&#8221; images=&#8221;9031,9032,9033,9034,9035&#8243; css=&#8221;&#8221; title=&#8221;W ramach projektu edukacyjnego \u201eMagia Miko\u0142ajek\u201d nasze przedszkolaki stworzy\u0142y swoje pierwsze, wyj\u0105tkowe listy do \u015awi\u0119tego Miko\u0142aja. Dzieci z ogromnym zaanga\u017cowaniem opowiada\u0142y o swoich marzeniach, rysowa\u0142y wymarzone prezenty i z rado\u015bci\u0105 dekorowa\u0142y swoje listy kolorami i brokatem. Ka\u017cdy list to ma\u0142y, magiczny \u015bwiat przedszkolnej wyobra\u017ani \u2013 pe\u0142en dobroci, u\u015bmiechu i \u015bwi\u0105tecznego ciep\u0142a. Dzi\u0119ki temu projektowi w naszym przedszkolu zapanowa\u0142a prawdziwa magia oczekiwania na Miko\u0142aja.&#8221;][vc_gallery type=&#8221;image_grid&#8221; images=&#8221;8951,8952,8953,8954&#8243; css=&#8221;&#8221; title=&#8221;W dniu 21 listopada obchodzili\u015bmy w przedszkolu Dzie\u0144 \u017byczliwo\u015bci. Dzieci rozmawia\u0142y o tym, czym jest \u017cyczliwo\u015b\u0107 i jak mo\u017cna okazywa\u0107 j\u0105 innym w codziennych sytuacjach. Poznawa\u0142y przyk\u0142ady mi\u0142ych, pomocnych i kole\u017ce\u0144skich zachowa\u0144. Przedszkolaki wykona\u0142y r\u00f3wnie\u017c prace plastyczne \u2013 narysowa\u0142y serca symbolizuj\u0105ce dobro, \u017cyczliwo\u015b\u0107 i przyja\u017a\u0144.&#8221;][vc_gallery type=&#8221;image_grid&#8221; images=&#8221;8931,8932,8933,8934,8935,8936,8956&#8243; css=&#8221;&#8221; title=&#8221;W dniach 17\u201320 listopada dzieci z grupy Muchomorki bra\u0142y udzia\u0142 w projekcie \u201eJesie\u0144 malowana dzieci\u0119c\u0105 wyobra\u017ani\u0105\u201d, tworz\u0105c r\u00f3\u017cnorodne prace plastyczne inspirowane jesieni\u0105. Przedszkolaki rozwija\u0142y kreatywno\u015b\u0107, poznawa\u0142y kolory jesieni i z rado\u015bci\u0105 eksperymentowa\u0142y z naturalnymi materia\u0142ami.&#8221;][vc_gallery type=&#8221;image_grid&#8221; images=&#8221;8919,8920,8921,8922&#8243; css=&#8221;&#8221; title=&#8221;18 listopada dzieci wzi\u0119\u0142y udzia\u0142 w ciekawych eksperymentach. Dzieci z ogromnym zainteresowaniem obserwowa\u0142y, jak zmieniaj\u0105 si\u0119 kolory, pojawiaj\u0105 si\u0119 niespodziewane efekty. Zabawy badawcze sprawi\u0142y im du\u017co rado\u015bci i by\u0142y \u015bwietn\u0105 okazj\u0105 do rozwijania ciekawo\u015bci oraz poznawania \u015bwiata.&#8221;][vc_gallery type=&#8221;image_grid&#8221; images=&#8221;8916,8917,8915,8913,8907&#8243; css=&#8221;&#8221; title=&#8221;17 listopada grupa Muchomorki obchodzi\u0142a \u201e\u015awiatowy Dzie\u0144 Wcze\u015bniaka\u201d. Najm\u0142odsze przedszkolaki uczci\u0142y ten dzie\u0144, wykonuj\u0105c fioletowe prace plastyczne, poniewa\u017c kolor fioletowy jest symbolem tego \u015bwi\u0119ta. Dzieci z zaanga\u017cowaniem tworzy\u0142y swoje prace, a zaj\u0119cia by\u0142y okazj\u0105 do rozm\u00f3w o \u017cyczliwo\u015bci i trosce o najm\u0142odszych.&#8221;][vc_gallery type=&#8221;image_grid&#8221; images=&#8221;8850,8851&#8243; css=&#8221;&#8221; title=&#8221;7 listopada w naszym przedszkolu odby\u0142 si\u0119 uroczysty apel z okazji Narodowego \u015awi\u0119ta Niepodleg\u0142o\u015bci. Ca\u0142a spo\u0142eczno\u015b\u0107 przedszkolna z dum\u0105 od\u015bpiewa\u0142a hymn Polski, oddaj\u0105c ho\u0142d bohaterom, kt\u00f3rzy walczyli o wolno\u015b\u0107 naszej ojczyzny. Dzieci zaprezentowa\u0142y r\u00f3wnie\u017c kr\u00f3tkie wiersze i piosenki patriotyczne, dzi\u0119ki kt\u00f3rym mog\u0142y lepiej zrozumie\u0107 znaczenie tego wyj\u0105tkowego \u015bwi\u0119ta.&#8221;][vc_gallery type=&#8221;image_grid&#8221; images=&#8221;8751,8752,8753,8754&#8243; css=&#8221;&#8221; title=&#8221;W pa\u017adzierniku go\u015bci\u0142y w naszej grupie trzy mamy, kt\u00f3re pi\u0119knie czyta\u0142y ksi\u0105\u017cki w ramach akcji &#8222;Ca\u0142y Wroc\u0142aw czyta dzieciom&#8222;. Jest to inicjatywa promuj\u0105ca czytelnictwo w\u015br\u00f3d najm\u0142odszych mieszka\u0144c\u00f3w Wroc\u0142awia. Bardzo dzi\u0119kujemy za zaanga\u017cowanie i po\u015bwi\u0119cony czas.&#8221;][vc_gallery type=&#8221;image_grid&#8221; images=&#8221;8749,8750&#8243; css=&#8221;&#8221; title=&#8221;W naszym przedszkolu odby\u0142 si\u0119 pierwszy konkurs &#8222;Wspomnienie z wakacji&#8222;. Gratulujemy pi\u0119knych prac i ciekawych wspomnie\u0144. Bardzo serdecznie zach\u0119camy do uczestnictwa w kolejnych konkursach.&#8221;][vc_gallery type=&#8221;image_grid&#8221; images=&#8221;8746,8747,8745,8743,8741&#8243; css=&#8221;&#8221; title=&#8221;We wrze\u015bniu i w pa\u017adzierniku bardzo aktywnie sp\u0119dzali\u015bmy czas w przedszkolu. Wykonywali\u015bmy r\u00f3\u017cne prace plastyczne i gry. Podczas zabawy i nauki korzystali\u015bmy te\u017c z dar\u00f3w jesieni. Regularnie sp\u0119dzali\u015bmy czas na dworze.&#8221;][vc_text_separator title=&#8221;WYDARZENIA 2025\/2026&#8243; css=&#8221;&#8221;][\/vc_column][\/vc_row][vc_row][vc_column][vc_column_text]<\/p>\n<p style=\"text-align: left\">[\/vc_column_text][\/vc_column][\/vc_row][vc_row][vc_column][\/vc_column][\/vc_row][vc_row][vc_column][\/vc_column][\/vc_row][vc_row][vc_column][\/vc_column][\/vc_row][vc_row][vc_column][\/vc_column][\/vc_row][vc_row][vc_column][\/vc_column][\/vc_row][vc_row][vc_column][\/vc_column][\/vc_row][vc_row][vc_column][\/vc_column][\/vc_row][vc_row][vc_column][vc_column_text]<\/p>\n<p>[\/vc_column_text][\/vc_column][\/vc_row]<\/p>\n<\/div>","protected":false},"excerpt":{"rendered":"<p>[vc_row][vc_column][vc_column_text css=&#8221;&#8221;] Grupa \u201eMuchomork\u00f3w\u201d to najm\u0142odsze przedszkolaki w naszym przedszkolu \u2013 mamy po trzy latka i dopiero rozpoczynamy swoj\u0105 przygod\u0119 z przedszkolem. Wiele rzeczy robimy po raz pierwszy. Mo\u017ce nie [&hellip;]<\/p>\n","protected":false},"author":72,"featured_media":0,"parent":98,"menu_order":0,"comment_status":"closed","ping_status":"closed","template":"","meta":{"ngg_post_thumbnail":0,"footnotes":""},"class_list":["post-2541","page","type-page","status-publish","hentry","clearfix"],"_links":{"self":[{"href":"https:\/\/przedszkole123.edu.wroclaw.pl\/index.php\/wp-json\/wp\/v2\/pages\/2541","targetHints":{"allow":["GET"]}}],"collection":[{"href":"https:\/\/przedszkole123.edu.wroclaw.pl\/index.php\/wp-json\/wp\/v2\/pages"}],"about":[{"href":"https:\/\/przedszkole123.edu.wroclaw.pl\/index.php\/wp-json\/wp\/v2\/types\/page"}],"author":[{"embeddable":true,"href":"https:\/\/przedszkole123.edu.wroclaw.pl\/index.php\/wp-json\/wp\/v2\/users\/72"}],"replies":[{"embeddable":true,"href":"https:\/\/przedszkole123.edu.wroclaw.pl\/index.php\/wp-json\/wp\/v2\/comments?post=2541"}],"version-history":[{"count":156,"href":"https:\/\/przedszkole123.edu.wroclaw.pl\/index.php\/wp-json\/wp\/v2\/pages\/2541\/revisions"}],"predecessor-version":[{"id":9519,"href":"https:\/\/przedszkole123.edu.wroclaw.pl\/index.php\/wp-json\/wp\/v2\/pages\/2541\/revisions\/9519"}],"up":[{"embeddable":true,"href":"https:\/\/przedszkole123.edu.wroclaw.pl\/index.php\/wp-json\/wp\/v2\/pages\/98"}],"wp:attachment":[{"href":"https:\/\/przedszkole123.edu.wroclaw.pl\/index.php\/wp-json\/wp\/v2\/media?parent=2541"}],"curies":[{"name":"wp","href":"https:\/\/api.w.org\/{rel}","templated":true}]}}