
{"id":191,"date":"2018-10-25T14:56:21","date_gmt":"2018-10-25T12:56:21","guid":{"rendered":"https:\/\/przedszkole123.edu.wroclaw.pl\/?page_id=191"},"modified":"2026-03-31T22:05:18","modified_gmt":"2026-03-31T20:05:18","slug":"galeria","status":"publish","type":"page","link":"https:\/\/przedszkole123.edu.wroclaw.pl\/index.php\/glowna\/galeria\/","title":{"rendered":"Galeria"},"content":{"rendered":"<div class=\"wpb-content-wrapper\"><p>[vc_row][vc_column][vc_tta_tabs][vc_tta_section title=&#8221;NASZE PRZEDSZKOLE&#8221; tab_id=&#8221;1695563384834-d1adf15b-b51a&#8221;][vc_gallery type=&#8221;image_grid&#8221; images=&#8221;9467,9468,9469,9470,9474&#8243; css=&#8221;&#8221;][vc_gallery type=&#8221;image_grid&#8221; images=&#8221;9514,9515,9516,9526,9529,9528&#8243; css=&#8221;&#8221;][vc_gallery type=&#8221;image_grid&#8221; images=&#8221;9436,9437,9439,9441,9457,9459,9462,9523,9522,9524&#8243; css=&#8221;&#8221;][vc_gallery type=&#8221;image_grid&#8221; images=&#8221;9430,9431,9432,9433,9434&#8243; css=&#8221;&#8221;][vc_gallery type=&#8221;image_grid&#8221; images=&#8221;9406,9407,9412,9413,9415&#8243; css=&#8221;&#8221;][vc_gallery type=&#8221;image_grid&#8221; images=&#8221;9380,9381,9382&#8243; css=&#8221;&#8221;][vc_gallery type=&#8221;image_grid&#8221; images=&#8221;9376,9378,9385,9386,9387,9389&#8243; css=&#8221;&#8221;][vc_gallery type=&#8221;image_grid&#8221; images=&#8221;9214,9213,9212,9211,9210&#8243; css=&#8221;&#8221;][vc_gallery type=&#8221;image_grid&#8221; images=&#8221;9118,9117,9116,9104,9106,9103&#8243; css=&#8221;&#8221;][vc_gallery type=&#8221;image_grid&#8221; images=&#8221;9047,9046,9045,9044&#8243; css=&#8221;&#8221;][vc_gallery type=&#8221;image_grid&#8221; images=&#8221;9018,9019,9020,9022&#8243; css=&#8221;&#8221;][vc_gallery type=&#8221;image_grid&#8221; images=&#8221;9014,9015,9016,9012&#8243; css=&#8221;&#8221;][vc_gallery type=&#8221;image_grid&#8221; images=&#8221;8998,8997,8994,8993,8992,8990,8989,8988,8987&#8243; css=&#8221;&#8221;][vc_gallery type=&#8221;image_grid&#8221; images=&#8221;8980,8979,8978&#8243; css=&#8221;&#8221;][vc_gallery type=&#8221;image_grid&#8221; images=&#8221;8968,8970,8971,8967,8943,8935,8936&#8243; css=&#8221;&#8221;][vc_gallery type=&#8221;image_grid&#8221; images=&#8221;8964,8965,8963,8951&#8243; css=&#8221;&#8221;][vc_gallery type=&#8221;image_grid&#8221; images=&#8221;8939,8948&#8243; css=&#8221;&#8221;][vc_gallery type=&#8221;image_grid&#8221; images=&#8221;8902,8904,8906,8913,8910&#8243; css=&#8221;&#8221;][vc_gallery type=&#8221;image_grid&#8221; images=&#8221;8850,8851,8856,8857,8859,8858&#8243; css=&#8221;&#8221;][vc_gallery type=&#8221;image_grid&#8221; images=&#8221;8790,8773,8771&#8243; css=&#8221;&#8221;][vc_gallery type=&#8221;image_grid&#8221; images=&#8221;8777,8783,8779,8785,8784&#8243; css=&#8221;&#8221;][vc_gallery type=&#8221;image_grid&#8221; images=&#8221;8754,8752&#8243; css=&#8221;&#8221;][vc_gallery type=&#8221;image_grid&#8221; images=&#8221;8761,8762&#8243; css=&#8221;&#8221;][vc_gallery type=&#8221;image_grid&#8221; images=&#8221;8758,8756,8757&#8243; css=&#8221;&#8221;][vc_gallery type=&#8221;image_grid&#8221; images=&#8221;8714,8715,8717,8718,8721&#8243; css=&#8221;&#8221;][vc_gallery type=&#8221;image_grid&#8221; images=&#8221;8695,8696,8698,8701,8700&#8243; css=&#8221;&#8221; title=&#8221;Akcja sadzenia cebulek \u017conkili &#8222;Pola Nadziei&#8222;&#8221;][vc_gallery type=&#8221;image_grid&#8221; images=&#8221;8656,8657,8660,8663,8662&#8243; css=&#8221;&#8221; title=&#8221;&#8222;Dzie\u0144 drzewa&#8222;&#8221;][vc_text_separator title=&#8221;PRZEDSZKOLE OD \u015aRODKA&#8221;][vc_gallery type=&#8221;image_grid&#8221; images=&#8221;7772,7773,7774,7775,7776,7777,7778,7779,7780,7781,7782,7783,7784,7785,7786,7787,7788,7789,7790,7791,7792,7793,7794,7795,7796,7797,7798,7799,7800&#8243; img_size=&#8221;200X200&#8243; onclick=&#8221;img_link_large&#8221; custom_links_target=&#8221;_blank&#8221; css=&#8221;&#8221;][vc_text_separator title=&#8221;GABINET SPECJALIST\u00d3W&#8221;][vc_gallery type=&#8221;image_grid&#8221; images=&#8221;7802,7803,7804&#8243; img_size=&#8221;200X200&#8243; onclick=&#8221;img_link_large&#8221; custom_links_target=&#8221;_blank&#8221; css=&#8221;&#8221;][vc_text_separator title=&#8221;PRZEDSZKOLNY PLAC ZABAW&#8221; css=&#8221;&#8221;][vc_gallery type=&#8221;image_grid&#8221; images=&#8221;7806,7807,7808,7809,7810,7811,7812,7813,7814,7815,7816,7817,7818,7819,7820,7821,7822,7823,7824,7825&#8243; img_size=&#8221;200X200&#8243; onclick=&#8221;img_link_large&#8221; custom_links_target=&#8221;_blank&#8221; css=&#8221;&#8221;][\/vc_tta_section][vc_tta_section title=&#8221;CERTYFIKATY&#8221; tab_id=&#8221;1695563384908-96007594-32a6&#8243;][vc_gallery type=&#8221;image_grid&#8221; images=&#8221;490,494,495,493,492,491&#8243; onclick=&#8221;img_link_large&#8221; custom_links_target=&#8221;_blank&#8221; title=&#8221;CERTYFIKATY I DYPLOMY&#8221;][\/vc_tta_section][vc_tta_section title=&#8221;WYDARZENIA W ROKU 2024\/2025&#8243; tab_id=&#8221;1695564994550-dd36453e-3de8&#8243;][vc_text_separator title=&#8221;DZIE\u0143 PUSTEJ SALI&#8221;][vc_gallery type=&#8221;image_grid&#8221; images=&#8221;6380,6381,6225,6221,6217&#8243; img_size=&#8221;200X200&#8243; onclick=&#8221;img_link_large&#8221; custom_links_target=&#8221;_blank&#8221; css=&#8221;&#8221;][vc_text_separator title=&#8221;PROJEKT EDUKACYJNY &#8222;JESIE\u0143 W LESIE&#8222;&#8221; css=&#8221;&#8221;][vc_gallery type=&#8221;image_grid&#8221; images=&#8221;6253,6145,6157,6405,6396&#8243; img_size=&#8221;200&#215;200&#8243; onclick=&#8221;img_link_large&#8221; custom_links_target=&#8221;_blank&#8221; css=&#8221;&#8221;][vc_text_separator title=&#8221;GR &#8222;LE\u015aNE LUDKI&#8222; I NAUKA JAZDY NA ROLKACH\/\u0141Y\u017bWACH&#8221; css=&#8221;&#8221;][vc_gallery type=&#8221;image_grid&#8221; images=&#8221;6271,6272,6273,6274,6275,7046,7043,7042&#8243; img_size=&#8221;200&#215;200&#8243; onclick=&#8221;img_link_large&#8221; custom_links_target=&#8221;_blank&#8221; css=&#8221;&#8221;][vc_text_separator title=&#8221;WARSZTATY KULINARNE&#8221; css=&#8221;&#8221;][vc_gallery type=&#8221;image_grid&#8221; images=&#8221;6159,6162,6196,6200,6213&#8243; img_size=&#8221;200&#215;200&#8243; onclick=&#8221;img_link_large&#8221; custom_links_target=&#8221;_blank&#8221; css=&#8221;&#8221;][vc_text_separator title=&#8221;SPOTKANIE Z MUZYK\u0104&#8221; css=&#8221;&#8221;][vc_gallery type=&#8221;image_grid&#8221; images=&#8221;6374,6375,6373,6945,6943,6941,6830,6832,6828&#8243; img_size=&#8221;200&#215;200&#8243; onclick=&#8221;img_link_large&#8221; custom_links_target=&#8221;_blank&#8221; css=&#8221;&#8221;][vc_text_separator title=&#8221;DZIE\u0143 EDUKACJI NARODOWEJ&#8221; css=&#8221;&#8221;][vc_gallery type=&#8221;image_grid&#8221; images=&#8221;6437,6435,6434,6436&#8243; onclick=&#8221;img_link_large&#8221; custom_links_target=&#8221;_blank&#8221; css=&#8221;&#8221;][vc_text_separator title=&#8221;SPOTKANIA Z POLICJANTEM I STOMATOLOGIEM&#8221; css=&#8221;&#8221;][vc_gallery type=&#8221;image_grid&#8221; images=&#8221;6804,6799,6795,6632,6633&#8243; img_size=&#8221;200X200&#8243; onclick=&#8221;img_link_large&#8221; custom_links_target=&#8221;_blank&#8221; css=&#8221;&#8221;][vc_text_separator title=&#8221;ZAJ\u0118CIA Z EKSPERYMENT\u00d3W GR 1, 2 I 5&#8243; css=&#8221;&#8221;][vc_gallery type=&#8221;image_grid&#8221; images=&#8221;6376,6377,6707,6705&#8243; img_size=&#8221;200X200&#8243; onclick=&#8221;img_link_large&#8221; custom_links_target=&#8221;_blank&#8221; css=&#8221;&#8221;][vc_text_separator title=&#8221;JESIENNA SPARTAKIADA&#8221; css=&#8221;&#8221;][vc_gallery type=&#8221;image_grid&#8221; images=&#8221;6658,6475,6477,6479,6481,6473,6472&#8243; img_size=&#8221;200X200&#8243; onclick=&#8221;img_link_large&#8221; custom_links_target=&#8221;_blank&#8221; css=&#8221;&#8221;][vc_text_separator title=&#8221;EDUKACJA W RUCHU&#8221; css=&#8221;&#8221;][vc_gallery type=&#8221;image_grid&#8221; images=&#8221;7514,7512,7316,7305,7256,7154,7119,7082,6957,6952,6950,6904,6895&#8243; onclick=&#8221;img_link_large&#8221; custom_links_target=&#8221;_blank&#8221; css=&#8221;&#8221;][vc_text_separator title=&#8221;OBCHODY DNIA NIEPODLEG\u0141O\u015aCI&#8221; css=&#8221;&#8221;][vc_gallery type=&#8221;image_grid&#8221; images=&#8221;6688,6689,6680,6668,6663&#8243; onclick=&#8221;img_link_large&#8221; custom_links_target=&#8221;_blank&#8221; css=&#8221;&#8221;][vc_text_separator title=&#8221;DZIE\u0143 WCZE\u015aNIAKA&#8221; css=&#8221;&#8221;][vc_gallery type=&#8221;image_grid&#8221; images=&#8221;6605,6612,6614,6610,6611&#8243; onclick=&#8221;img_link_large&#8221; custom_links_target=&#8221;_blank&#8221; css=&#8221;&#8221;][vc_text_separator title=&#8221;DZIE\u0143 PRAWA DZIECKA&#8221; css=&#8221;&#8221;][vc_gallery type=&#8221;image_grid&#8221; images=&#8221;6734,6731,6741&#8243; css=&#8221;&#8221;][vc_text_separator title=&#8221;DZIE\u0143 \u017bYCZLIWO\u015aCI&#8221; css=&#8221;&#8221;][vc_gallery type=&#8221;image_grid&#8221; images=&#8221;6721,6719,6717,6984,6997,7002&#8243; css=&#8221;&#8221;][vc_text_separator title=&#8221;DZIE\u0143 PLUSZOWEGO MISIA&#8221; css=&#8221;&#8221;][vc_gallery type=&#8221;image_grid&#8221; images=&#8221;6745,6749,7022,7034,7040,7164&#8243; css=&#8221;&#8221;][vc_text_separator title=&#8221;MIKO\u0141AJKI&#8221; css=&#8221;&#8221;][vc_gallery type=&#8221;image_grid&#8221; images=&#8221;7521,7474,7643&#8243; onclick=&#8221;img_link_large&#8221; custom_links_target=&#8221;_blank&#8221; css=&#8221;&#8221;][vc_text_separator title=&#8221;WARSZTATY BO\u017bONARODZENIOWE DLA DZIECI I RODZIC\u00d3W&#8221; css=&#8221;&#8221;][vc_gallery type=&#8221;image_grid&#8221; images=&#8221;7456,7459,7457,7453,7452,7460&#8243; onclick=&#8221;img_link_large&#8221; custom_links_target=&#8221;_blank&#8221; css=&#8221;&#8221;][vc_text_separator title=&#8221;WIGILIA PRZEDSZKOLNA&#8221; css=&#8221;&#8221;][vc_gallery type=&#8221;image_grid&#8221; images=&#8221;7640,7488,7483,7468&#8243; onclick=&#8221;img_link_large&#8221; custom_links_target=&#8221;_blank&#8221; css=&#8221;&#8221;][vc_text_separator title=&#8221;KOL\u0118DOWANIE Z SENIORAMI &#8211; JASE\u0141KA&#8221; css=&#8221;&#8221;][vc_gallery type=&#8221;image_grid&#8221; images=&#8221;7575,7570,7560,7565,7574,7571&#8243; onclick=&#8221;img_link_large&#8221; custom_links_target=&#8221;_blank&#8221; css=&#8221;&#8221;][vc_text_separator title=&#8221;BAL KARNAWA\u0141OWY&#8221; css=&#8221;&#8221;][vc_gallery type=&#8221;image_grid&#8221; images=&#8221;7581,7584,7600,7598,7589,7585&#8243; onclick=&#8221;img_link_large&#8221; custom_links_target=&#8221;_blank&#8221; css=&#8221;&#8221;][\/vc_tta_section][\/vc_tta_tabs][\/vc_column][\/vc_row]<\/p>\n<\/div>","protected":false},"excerpt":{"rendered":"<p>[vc_row][vc_column][vc_tta_tabs][vc_tta_section title=&#8221;NASZE PRZEDSZKOLE&#8221; tab_id=&#8221;1695563384834-d1adf15b-b51a&#8221;][vc_gallery type=&#8221;image_grid&#8221; images=&#8221;9467,9468,9469,9470,9474&#8243; css=&#8221;&#8221;][vc_gallery type=&#8221;image_grid&#8221; images=&#8221;9514,9515,9516,9526,9529,9528&#8243; css=&#8221;&#8221;][vc_gallery type=&#8221;image_grid&#8221; images=&#8221;9436,9437,9439,9441,9457,9459,9462,9523,9522,9524&#8243; css=&#8221;&#8221;][vc_gallery type=&#8221;image_grid&#8221; images=&#8221;9430,9431,9432,9433,9434&#8243; css=&#8221;&#8221;][vc_gallery type=&#8221;image_grid&#8221; images=&#8221;9406,9407,9412,9413,9415&#8243; css=&#8221;&#8221;][vc_gallery type=&#8221;image_grid&#8221; images=&#8221;9380,9381,9382&#8243; css=&#8221;&#8221;][vc_gallery type=&#8221;image_grid&#8221; images=&#8221;9376,9378,9385,9386,9387,9389&#8243; css=&#8221;&#8221;][vc_gallery type=&#8221;image_grid&#8221; images=&#8221;9214,9213,9212,9211,9210&#8243; css=&#8221;&#8221;][vc_gallery type=&#8221;image_grid&#8221; images=&#8221;9118,9117,9116,9104,9106,9103&#8243; [&hellip;]<\/p>\n","protected":false},"author":72,"featured_media":0,"parent":37,"menu_order":0,"comment_status":"closed","ping_status":"closed","template":"","meta":{"ngg_post_thumbnail":0,"footnotes":""},"class_list":["post-191","page","type-page","status-publish","hentry","clearfix"],"_links":{"self":[{"href":"https:\/\/przedszkole123.edu.wroclaw.pl\/index.php\/wp-json\/wp\/v2\/pages\/191","targetHints":{"allow":["GET"]}}],"collection":[{"href":"https:\/\/przedszkole123.edu.wroclaw.pl\/index.php\/wp-json\/wp\/v2\/pages"}],"about":[{"href":"https:\/\/przedszkole123.edu.wroclaw.pl\/index.php\/wp-json\/wp\/v2\/types\/page"}],"author":[{"embeddable":true,"href":"https:\/\/przedszkole123.edu.wroclaw.pl\/index.php\/wp-json\/wp\/v2\/users\/72"}],"replies":[{"embeddable":true,"href":"https:\/\/przedszkole123.edu.wroclaw.pl\/index.php\/wp-json\/wp\/v2\/comments?post=191"}],"version-history":[{"count":81,"href":"https:\/\/przedszkole123.edu.wroclaw.pl\/index.php\/wp-json\/wp\/v2\/pages\/191\/revisions"}],"predecessor-version":[{"id":9533,"href":"https:\/\/przedszkole123.edu.wroclaw.pl\/index.php\/wp-json\/wp\/v2\/pages\/191\/revisions\/9533"}],"up":[{"embeddable":true,"href":"https:\/\/przedszkole123.edu.wroclaw.pl\/index.php\/wp-json\/wp\/v2\/pages\/37"}],"wp:attachment":[{"href":"https:\/\/przedszkole123.edu.wroclaw.pl\/index.php\/wp-json\/wp\/v2\/media?parent=191"}],"curies":[{"name":"wp","href":"https:\/\/api.w.org\/{rel}","templated":true}]}}