
{"id":14,"date":"2018-06-25T11:57:01","date_gmt":"2018-06-25T09:57:01","guid":{"rendered":"https:\/\/przedszkole123.edu.wroclaw.pl\/?page_id=14"},"modified":"2026-01-28T09:49:36","modified_gmt":"2026-01-28T08:49:36","slug":"kontakt","status":"publish","type":"page","link":"https:\/\/przedszkole123.edu.wroclaw.pl\/index.php\/kontakt\/","title":{"rendered":"Kontakt"},"content":{"rendered":"<div class=\"wpb-content-wrapper\"><p>[vc_row row_head_color=&#8221;#575656&#8243;][vc_column width=&#8221;1\/2&#8243; css=&#8221;.vc_custom_1447931732230{background-position: center !important;background-repeat: no-repeat !important;background-size: cover !important;}&#8221;][vc_raw_html]JTVCbWFwc21hcmtlciUyMG1hcmtlciUzRCUyMjElMjIlNUQ=[\/vc_raw_html][\/vc_column][vc_column width=&#8221;1\/2&#8243;][vc_empty_space][vc_raw_html]JTNDdGFibGUlM0UlMEElM0N0ciUzRSUwQSUzQ3RkJTNFJTNDc3BhbiUyMGNsYXNzJTNEJTIycGUtcm91bmQlMjIlM0UlM0NzcGFuJTIwY2xhc3MlM0QlMjJmYSUyMGZhLW1hcC1tYXJrZXIlMjBmYS01eCUyMiUyMHN0eWxlJTNEJTIyY29sb3IlM0ElMjAlMjMyZTVlNDYlM0IlMjIlM0UlM0MlMkZzcGFuJTNFJTNDJTJGc3BhbiUzRSUyMCUzQyUyRnRkJTNFJTBBJTNDdGQlM0UlM0NiJTIwc3R5bGUlM0QlMjJjb2xvciUzQSUyMzJlNWU0NiUzQiUyMiUzRSUyMFByemVkc3prb2xlJTIwbnIlMjAxMjMlMjAlM0NiciUzRSUwQXVsLiUyMFdvanJvd2lja2ElMjAzJTJDJTIwJTNDYnIlM0UlMEE1NC00MzQlMjBXcm9jJUM1JTgyYXclM0MlMkZ0ZCUzRSUwQSUzQyUyRnRyJTNFJTBBJTNDJTJGdGFibGUlM0UlMEE=[\/vc_raw_html][vc_raw_html]JTNDdGFibGUlM0UlMEElM0N0ciUzRSUwQSUzQ3RkJTNFJTNDc3BhbiUyMGNsYXNzJTNEJTIycGUtcm91bmQlMjIlM0UlM0NzcGFuJTIwY2xhc3MlM0QlMjJmYSUyMGZhLWVudmVsb3BlJTIwZmEtNXglMjIlMjBzdHlsZSUzRCUyMmNvbG9yJTNBJTIwJTIzMmU1ZTQ2JTNCJTIyJTNFJTNDJTJGc3BhbiUzRSUzQyUyRnNwYW4lM0UlMjAlM0MlMkZ0ZCUzRSUwQSUzQ3RkJTNFJTIwJTNDYiUyMHN0eWxlJTNEJTIyY29sb3IlM0ElMjMyZTVlNDYlM0IlMjIlM0VlbWFpbCUzQSUyMCUyMCUzQ2ElMjBocmVmJTNEJTIybWFpbHRvJTNBc2VrcmV0YXJpYXQucDEyMyU0MHdyb2NsYXdza2FlZHVrYWNqYS5wbCUyMiUzRXNla3JldGFyaWF0LnAxMjMlNDB3cm9jbGF3c2thZWR1a2FjamEucGwlM0MlMkZhJTNFJTNDJTJGYiUzRSUzQyUyRnRkJTNFJTBBJTNDJTJGdHIlM0UlMEElM0MlMkZ0YWJsZSUzRQ==[\/vc_raw_html][vc_raw_html]JTNDdGFibGUlM0UlMEElM0N0ciUzRSUwQSUzQ3RkJTNFJTNDc3BhbiUyMGNsYXNzJTNEJTIycGUtcm91bmQlMjIlM0UlM0NzcGFuJTIwY2xhc3MlM0QlMjJmYSUyMGZhLXBob25lJTIwZmEtNXglMjIlMjBzdHlsZSUzRCUyMmNvbG9yJTNBJTIwJTIzMmU1ZTQ2JTNCJTIyJTNFJTNDJTJGc3BhbiUzRSUzQyUyRnNwYW4lM0UlMjAlM0MlMkZ0ZCUzRSUwQSUzQ3RkJTNFJTBBdGVsLiUyMCUyODA3MSUyOSUyMDcxJTIwNzk4JTIwNjclMjA2MiUzQ2JyJTNFJTBBJTBBJTNDJTJGdGQlM0UlMEElM0MlMkZ0ciUzRSUwQSUzQyUyRnRhYmxlJTNF[\/vc_raw_html][vc_column_text]<span style=\"color: #23282d;\"><strong>NIP<\/strong>: 8942583773<\/span><br \/>\n<span style=\"color: #23282d;\"><strong>REGON<\/strong>: 930112851<\/span>[\/vc_column_text][\/vc_column][\/vc_row][vc_row][vc_column][vc_column_text css=&#8221;&#8221;]<\/p>\n<h2><em><strong style=\"font-size: 12px;\">KSeF \u2013 wystawianie faktur dla Przedszkola nr 123<\/strong><\/em><\/h2>\n<div>\n<p><em><span style=\"font-size: 12px;\">Je\u017celi zawarli\u015bcie Pa\u0144stwo umow\u0119 z Gmin\u0105 Wroc\u0142aw&nbsp;&#8211;&nbsp;Przedszkole nr 123, bardzo prosz\u0119 o wystawianie faktur za \u015bwiadczone us\u0142ugi lub dostawy w nast\u0119puj\u0105cy spos\u00f3b:<\/span><\/em><\/p>\n<p><em><span style=\"font-size: 12px;\"><strong>Nabywca:<\/strong>&nbsp;Gmina Wroc\u0142aw, NIP 897 13 83&nbsp;551 plac Nowy Targ 1-8, 50-141 Wroc\u0142aw<\/span><\/em><\/p>\n<p><em><span style=\"font-size: 12px;\"><strong>Podmiot inny:<\/strong>&nbsp;Przedszkole nr 123, NIP 894 25 83 773, ul. Wojrowicka 3 54-434 Wroc\u0142aw<\/span><\/em><\/p>\n<p><em><span style=\"font-size: 12px;\">Je\u017celi wystawicie Pa\u0144stwo faktur\u0119 w spos\u00f3b wskazany powy\u017cej (tj. podacie Pa\u0144stwo na fakturze dwa numery NIP), faktura trafi z KSeF bezpo\u015brednio do w\u0142a\u015bciwej jednostki. Je\u017celi na fakturze nie b\u0119dzie podanego numeru NIP jednostki, utrudni i wyd\u0142u\u017cy to proces przydzielania faktury do odpowiedniej jednostki.<\/span><\/em><\/p>\n<p><em><span style=\"font-size: 12px;\">Bardzo prosz\u0119 r\u00f3wnie\u017c o podawanie na fakturze numeru umowy\/zam\u00f3wienia.<\/span><\/em><\/p>\n<p><em><span style=\"font-size: 12px;\">Powy\u017csze zasady dotycz\u0105 faktur wystawionych za po\u015brednictwem KSeF od dnia 01 lutego 2026 r.<\/span><\/em><\/p>\n<\/div>\n<p>[\/vc_column_text][\/vc_column][\/vc_row]<\/p>\n<\/div>","protected":false},"excerpt":{"rendered":"<p>[vc_row row_head_color=&#8221;#575656&#8243;][vc_column width=&#8221;1\/2&#8243; css=&#8221;.vc_custom_1447931732230{background-position: center !important;background-repeat: no-repeat !important;background-size: cover !important;}&#8221;][vc_raw_html]JTVCbWFwc21hcmtlciUyMG1hcmtlciUzRCUyMjElMjIlNUQ=[\/vc_raw_html][\/vc_column][vc_column width=&#8221;1\/2&#8243;][vc_empty_space][vc_raw_html]JTNDdGFibGUlM0UlMEElM0N0ciUzRSUwQSUzQ3RkJTNFJTNDc3BhbiUyMGNsYXNzJTNEJTIycGUtcm91bmQlMjIlM0UlM0NzcGFuJTIwY2xhc3MlM0QlMjJmYSUyMGZhLW1hcC1tYXJrZXIlMjBmYS01eCUyMiUyMHN0eWxlJTNEJTIyY29sb3IlM0ElMjAlMjMyZTVlNDYlM0IlMjIlM0UlM0MlMkZzcGFuJTNFJTNDJTJGc3BhbiUzRSUyMCUzQyUyRnRkJTNFJTBBJTNDdGQlM0UlM0NiJTIwc3R5bGUlM0QlMjJjb2xvciUzQSUyMzJlNWU0NiUzQiUyMiUzRSUyMFByemVkc3prb2xlJTIwbnIlMjAxMjMlMjAlM0NiciUzRSUwQXVsLiUyMFdvanJvd2lja2ElMjAzJTJDJTIwJTNDYnIlM0UlMEE1NC00MzQlMjBXcm9jJUM1JTgyYXclM0MlMkZ0ZCUzRSUwQSUzQyUyRnRyJTNFJTBBJTNDJTJGdGFibGUlM0UlMEE=[\/vc_raw_html][vc_raw_html]JTNDdGFibGUlM0UlMEElM0N0ciUzRSUwQSUzQ3RkJTNFJTNDc3BhbiUyMGNsYXNzJTNEJTIycGUtcm91bmQlMjIlM0UlM0NzcGFuJTIwY2xhc3MlM0QlMjJmYSUyMGZhLWVudmVsb3BlJTIwZmEtNXglMjIlMjBzdHlsZSUzRCUyMmNvbG9yJTNBJTIwJTIzMmU1ZTQ2JTNCJTIyJTNFJTNDJTJGc3BhbiUzRSUzQyUyRnNwYW4lM0UlMjAlM0MlMkZ0ZCUzRSUwQSUzQ3RkJTNFJTIwJTNDYiUyMHN0eWxlJTNEJTIyY29sb3IlM0ElMjMyZTVlNDYlM0IlMjIlM0VlbWFpbCUzQSUyMCUyMCUzQ2ElMjBocmVmJTNEJTIybWFpbHRvJTNBc2VrcmV0YXJpYXQucDEyMyU0MHdyb2NsYXdza2FlZHVrYWNqYS5wbCUyMiUzRXNla3JldGFyaWF0LnAxMjMlNDB3cm9jbGF3c2thZWR1a2FjamEucGwlM0MlMkZhJTNFJTNDJTJGYiUzRSUzQyUyRnRkJTNFJTBBJTNDJTJGdHIlM0UlMEElM0MlMkZ0YWJsZSUzRQ==[\/vc_raw_html][vc_raw_html]JTNDdGFibGUlM0UlMEElM0N0ciUzRSUwQSUzQ3RkJTNFJTNDc3BhbiUyMGNsYXNzJTNEJTIycGUtcm91bmQlMjIlM0UlM0NzcGFuJTIwY2xhc3MlM0QlMjJmYSUyMGZhLXBob25lJTIwZmEtNXglMjIlMjBzdHlsZSUzRCUyMmNvbG9yJTNBJTIwJTIzMmU1ZTQ2JTNCJTIyJTNFJTNDJTJGc3BhbiUzRSUzQyUyRnNwYW4lM0UlMjAlM0MlMkZ0ZCUzRSUwQSUzQ3RkJTNFJTBBdGVsLiUyMCUyODA3MSUyOSUyMDcxJTIwNzk4JTIwNjclMjA2MiUzQ2JyJTNFJTBBJTBBJTNDJTJGdGQlM0UlMEElM0MlMkZ0ciUzRSUwQSUzQyUyRnRhYmxlJTNF[\/vc_raw_html][vc_column_text]NIP: 8942583773 REGON: 930112851[\/vc_column_text][\/vc_column][\/vc_row][vc_row][vc_column][vc_column_text css=&#8221;&#8221;] KSeF \u2013 wystawianie faktur dla Przedszkola nr 123 Je\u017celi zawarli\u015bcie Pa\u0144stwo umow\u0119 z Gmin\u0105 Wroc\u0142aw&nbsp;&#8211;&nbsp;Przedszkole [&hellip;]<\/p>\n","protected":false},"author":15,"featured_media":0,"parent":0,"menu_order":0,"comment_status":"closed","ping_status":"closed","template":"","meta":{"ngg_post_thumbnail":0,"footnotes":""},"class_list":["post-14","page","type-page","status-publish","hentry","clearfix"],"_links":{"self":[{"href":"https:\/\/przedszkole123.edu.wroclaw.pl\/index.php\/wp-json\/wp\/v2\/pages\/14","targetHints":{"allow":["GET"]}}],"collection":[{"href":"https:\/\/przedszkole123.edu.wroclaw.pl\/index.php\/wp-json\/wp\/v2\/pages"}],"about":[{"href":"https:\/\/przedszkole123.edu.wroclaw.pl\/index.php\/wp-json\/wp\/v2\/types\/page"}],"author":[{"embeddable":true,"href":"https:\/\/przedszkole123.edu.wroclaw.pl\/index.php\/wp-json\/wp\/v2\/users\/15"}],"replies":[{"embeddable":true,"href":"https:\/\/przedszkole123.edu.wroclaw.pl\/index.php\/wp-json\/wp\/v2\/comments?post=14"}],"version-history":[{"count":26,"href":"https:\/\/przedszkole123.edu.wroclaw.pl\/index.php\/wp-json\/wp\/v2\/pages\/14\/revisions"}],"predecessor-version":[{"id":9265,"href":"https:\/\/przedszkole123.edu.wroclaw.pl\/index.php\/wp-json\/wp\/v2\/pages\/14\/revisions\/9265"}],"wp:attachment":[{"href":"https:\/\/przedszkole123.edu.wroclaw.pl\/index.php\/wp-json\/wp\/v2\/media?parent=14"}],"curies":[{"name":"wp","href":"https:\/\/api.w.org\/{rel}","templated":true}]}}